{"id":27980,"date":"2020-02-17T09:27:38","date_gmt":"2020-02-17T08:27:38","guid":{"rendered":"https:\/\/concellodezas.gal\/politica-de-privacidad\/"},"modified":"2025-11-25T07:52:40","modified_gmt":"2025-11-25T06:52:40","slug":"politica-de-privacidad","status":"publish","type":"page","link":"https:\/\/concellodezas.gal\/es\/politica-de-privacidad\/","title":{"rendered":"Pol\u00edtica de Privacidad"},"content":{"rendered":"\n<p>En cumplimiento del Reglamento (UE) 2016\/679 del Parlamento Europeo y del Consejo, del 27 de abril de 2016, relativo a la protecci\u00f3n de las personas f\u00edsicas en lo que respecta al tratamiento de datos personales, por el que se deroga la directiva 95\/46\/CE (en adelante, RGPD), de la Ley 34\/2002, de 11 de julio, de Servicios de la Sociedad de la Informaci\u00f3n y Comercio Electr\u00f3nico (en adelante,  LSSI-CE) y de la Ley Org\u00e1nica 3\/2018, de Protecci\u00f3n de Datos Personales y Garant\u00eda de los Derechos Digitales (en adelante, LOPDGDD), Ayuntamiento de Zas garante la protecci\u00f3n y confidencialidad de los datos personales, de cualquier tipo que nos proporcionen nuestros clientes, de acuerdo con lo dispuesto en el Reglamento General de Protecci\u00f3n de Datos de Car\u00e1cter Personal.<\/p>\n\n<p>Los datos facilitados ser\u00e1n tratados en los t\u00e9rminos establecidos en el RGPD, en ese sentido Ayuntamiento de Zas adopt\u00f3 los niveles de protecci\u00f3n que legalmente se exigen, e instal\u00f3 todas las medidas t\u00e9cnicas a su alcance para evitar la p\u00e9rdida, mal uso, alteraci\u00f3n, acceso no autorizado por terceros, expuestos a continuaci\u00f3n. Con todo, el usuario debe ser consciente de que las medidas de seguridad en Internet no son inexpugnables. <\/p>\n\n<p><strong>Responsable del tratamiento<\/strong><br\/>T\u00edtulo: Ayuntamiento de Zas<br\/>Direcci\u00f3n: Plaza del Campo 1, 15850 Zas, A Coru\u00f1a<br\/>Tel\u00e9fono: 981 70 83 03<br\/>Correo electr\u00f3nico: correo@concellodezas.gal<\/p>\n\n<p><strong>Finalidad del tratamiento<\/strong><br\/>Todos los datos facilitados por nuestros clientes y\/o visitantes en la web de Ayuntamiento de Zas o a su personal, ser\u00e1n incluidos en registro de actividades de tratamiento de datos de car\u00e1cter personal, creado y mantenido bajo la responsabilidad de Ayuntamiento de Zas , imprescindibles para prestar los servicios solicitados por los usuarios, o para resolver las dudas o cuestiones expuestas por nuestros visitantes. Nuestra pol\u00edtica es no elaborar perfiles sobre los usuarios de nuestros servicios. <\/p>\n\n<p><strong>Legitimidad del tratamiento<\/strong><\/p>\n\n<ol style=\"list-style-type:lower-alpha\" class=\"wp-block-list\">\n<li>Relaci\u00f3n contractual: Es la que aplica cuando compra uno de nuestros productos o contrata alguno de nuestros servicios.<\/li>\n\n\n\n<li>Inter\u00e9s leg\u00edtimo: Para atender a las consultas y reclamaciones que nos exponga y para gestionar la cobranza de las cantidades debidas.<\/li>\n\n\n\n<li>Su consentimiento: Si es usuario de nuestra web, mediante la marcaci\u00f3n de la casa que figura en el formulario de contacto, autor\u00edzanos a que le remitamos las comunicaciones necesarias para dar respuesta a la consulta o solicitud de informaci\u00f3n expuesta.<\/li>\n<\/ol>\n\n<p><strong>Destinatarios<\/strong><br\/>No cedemos sus datos personales a nadie, fuera de aquellas entidades p\u00fablicas o privadas a las que est\u00e9mos obligados a facilitar sus datos personales con motivo del cumplimiento de alguna ley. Por poner un ejemplo, la Ley Tributaria obliga a facilitar a la Agencia Tributaria determinada informaci\u00f3n sobre operaciones econ\u00f3micas que superen una determinada cantidad. <\/p>\n\n<p>En el caso de que, al margen de los supuestos comentados, necesitemos dar a conocer su informaci\u00f3n personal a otras entidades, solicitar\u00e9mosle previamente su permiso a trav\u00e9s de opciones claras que le permitir\u00e1n decidir a este respecto.<\/p>\n\n<p><strong>Comunicaci\u00f3n<\/strong><br\/>No realizaremos transferencias internacionales de sus datos personales para ninguna de las finalidades indicadas.<\/p>\n\n<p><strong>Conservaci\u00f3n<\/strong><br\/>Solo conservaremos sus datos personales durante el tiempo que resulte necesario para lograr los fines para los que fueron solicitados. A la hora de determinar el oportuno per\u00edodo de conservaci\u00f3n, examinamos los riesgos que conlleva el tratamiento, as\u00ed como nuestras obligaciones contractuales, legales y normativas, las pol\u00edticas internas de conservaci\u00f3n de datos y nuestros intereses de negocio leg\u00edtimos descritos en el presente Aviso de Privacidad y Pol\u00edtica de Cookies. <\/p>\n\n<p>En este sentido, Ayuntamiento de Zas conservar\u00e1 los datos personales una vez terminada su relaci\u00f3n con V\u00eda., debidamente bloqueados, durante el plazo de prescripci\u00f3n de las acciones que pudieran derivarse de la relaci\u00f3n mantenida con el interesado.<\/p>\n\n<p>Una vez bloqueados, sus datos resultar\u00e1n inaccesibles para Ayuntamiento de Zas , y no ser\u00e1n tratados excepto para su puesta a disposici\u00f3n a las Administraciones p\u00fablicas, Jueces y Tribunales, para la atenci\u00f3n de las posibles responsabilidades nadas de los tratamientos, as\u00ed como para el ejercicio y defensa de reclamaciones #ante la Agencia Espa\u00f1ola de Protecci\u00f3n de Datos.<\/p>\n\n<p><strong>Seguridad<\/strong><br\/>Empleamos todos los esfuerzos razonables para mantener la confidencialidad de la informaci\u00f3n personal que se trate en nuestros sistemas. Mantenemos estrictos niveles de seguridad para proteger los datos de car\u00e1cter personal que procesamos frente a p\u00e9rdidas fortuitas y las accesos, tratamientos o revelaciones no autorizados, teniendo en cuenta del estado de la tecnolog\u00eda, la naturaleza y los riesgos a que est\u00e1n expuestos los datos. Con todo, no podemos responsabilizarnos del uso que Vde. haga dos datos (incluido usuario y contrasinal) que utilice en nuestra web. Nuestro personal sigue estrictas normas de privacidad y en el caso de que contratemos a terceros para prestar servicios de soporte, exigimos que acaten las mismas normas y permitan auditarles para verificar su cumplimiento.    <\/p>\n\n<p><strong>Sus derechos<\/strong><br\/>Inform\u00e1mosle que podr\u00e1 ejercer los siguientes derechos:<\/p>\n\n<ol style=\"list-style-type:lower-alpha\" class=\"wp-block-list\">\n<li>Derecho de acceso a sus datos personales, para saber cuales est\u00e1n siendo objeto de tratamiento y las operaciones de tratamiento llevadas a cabo con ellos;<\/li>\n\n\n\n<li>Derecho de rectificaci\u00f3n de cualquier dato personal inexacto;<\/li>\n\n\n\n<li>Derecho de supresi\u00f3n de sus datos personales, cuando ello sea posible (por ejemplo, por imperativo legal);<\/li>\n\n\n\n<li>Derecho de limitaci\u00f3n del tratamiento de sus datos personales cuando la exactitud, la legalidad o la necesidad del tratamiento de los datos resulte dudosa, en ese caso, podremos conservarlos para el ejercicio o la defensa de reclamaciones.<\/li>\n\n\n\n<li>Derecho de oposici\u00f3n al tratamiento de sus datos personales, cuando la base legal que nos habilite para su tratamiento de las indicadas sea nuestro inter\u00e9s leg\u00edtimo. Ayuntamiento de Zas dejar\u00e1 de tratar los teus datos salvo que tenga un inter\u00e9s leg\u00edtimo o sea necesario <\/li>\n\n\n\n<li>para la defensa de reclamaciones.<\/li>\n\n\n\n<li>Derecho a la portabilidad de sus datos, cuando la base legal que nos habilite para su tratamiento sea la existencia de una relaci\u00f3n contractual o su consentimiento.<\/li>\n\n\n\n<li>Derecho a revocar el consentimiento otorgado a Ayuntamiento de Zas<\/li>\n<\/ol>\n\n<p>Para ejercitar sus derechos, puede hacerlo de manera gratuita y en cualquier momento contactando connosco en la direcci\u00f3n Ayuntamiento de Zas , aportando copia de su DNI.<\/p>\n\n<p><strong>Tutela de derechos<\/strong><br\/>En el caso de que entienda que sus derechos han sido desatendidos por nuestra entidad, puede formular una reclamaci\u00f3n en la Agencia Espa\u00f1ola de Protecci\u00f3n de Datos, a trav\u00e9s de alguno de los medios siguientes:<\/p>\n\n<ul class=\"wp-block-list\">\n<li>Sede electr\u00f3nica: <a href=\"https:\/\/www.aepd.es\/\">https:\/\/www.aepd.es<\/a><\/li>\n\n\n\n<li>Correo postal: Agencia Espa\u00f1ola de Protecci\u00f3n de Datos, C\/ Jorge Juan, 6, 28001, Madrid<\/li>\n\n\n\n<li>Tel\u00e9fono: 901.100.099 y 912.663.517<\/li>\n<\/ul>\n\n<p>Formular una reclamaci\u00f3n en la Agencia Espa\u00f1ola de Protecci\u00f3n de Datos no conlleva ning\u00fan coste y no es necesaria la asistencia de abogado ni procurador.<\/p>\n\n<p><strong>Actualizaciones<\/strong><br\/>Ayuntamiento de Zas se reserva el derecho para modificar la presente pol\u00edtica para adaptarla a novedades legistlativas o jurisprudenciales que puedan afectar al cumplimiento de la misma.<\/p>\n","protected":false},"excerpt":{"rendered":"<p>En cumplimiento del Reglamento (UE) 2016\/679 del Parlamento Europeo y del Consejo, del 27 de abril de 2016, relativo a la protecci\u00f3n de las personas f\u00edsicas en lo que respecta al tratamiento de datos personales, por el que se deroga la directiva 95\/46\/CE (en adelante, RGPD), de la Ley 34\/2002, de 11 de julio, de [&hellip;]<\/p>\n","protected":false},"author":3,"featured_media":0,"parent":0,"menu_order":0,"comment_status":"closed","ping_status":"closed","template":"","meta":{"slim_seo":{"title":"Pol\u00edtica de Privacidad - Concello de Zas","description":"En cumplimiento del Reglamento (UE) 2016\/679 del Parlamento Europeo y del Consejo, del 27 de abril de 2016, relativo a la protecci\u00f3n de las personas f\u00edsicas en"},"footnotes":""},"class_list":["post-27980","page","type-page","status-publish","hentry"],"_links":{"self":[{"href":"https:\/\/concellodezas.gal\/es\/wp-json\/wp\/v2\/pages\/27980","targetHints":{"allow":["GET"]}}],"collection":[{"href":"https:\/\/concellodezas.gal\/es\/wp-json\/wp\/v2\/pages"}],"about":[{"href":"https:\/\/concellodezas.gal\/es\/wp-json\/wp\/v2\/types\/page"}],"author":[{"embeddable":true,"href":"https:\/\/concellodezas.gal\/es\/wp-json\/wp\/v2\/users\/3"}],"replies":[{"embeddable":true,"href":"https:\/\/concellodezas.gal\/es\/wp-json\/wp\/v2\/comments?post=27980"}],"version-history":[{"count":1,"href":"https:\/\/concellodezas.gal\/es\/wp-json\/wp\/v2\/pages\/27980\/revisions"}],"predecessor-version":[{"id":27981,"href":"https:\/\/concellodezas.gal\/es\/wp-json\/wp\/v2\/pages\/27980\/revisions\/27981"}],"wp:attachment":[{"href":"https:\/\/concellodezas.gal\/es\/wp-json\/wp\/v2\/media?parent=27980"}],"curies":[{"name":"wp","href":"https:\/\/api.w.org\/{rel}","templated":true}]}}