{"id":27961,"date":"2025-08-28T09:05:25","date_gmt":"2025-08-28T07:05:25","guid":{"rendered":"https:\/\/concellodezas.gal\/directorio-zas\/"},"modified":"2026-01-15T13:32:01","modified_gmt":"2026-01-15T12:32:01","slug":"directorio-zas","status":"publish","type":"page","link":"https:\/\/concellodezas.gal\/es\/directorio-zas\/","title":{"rendered":"Directorio Ayuntamiento de Zas"},"content":{"rendered":"\t\t<div data-elementor-type=\"wp-page\" data-elementor-id=\"27961\" class=\"elementor elementor-27961 elementor-21330\" data-elementor-post-type=\"page\">\n\t\t\t\t<div class=\"elementor-element elementor-element-0a79850 e-flex e-con-boxed e-con e-parent\" data-id=\"0a79850\" data-element_type=\"container\" data-e-type=\"container\" data-settings=\"{&quot;background_background&quot;:&quot;classic&quot;,&quot;jet_parallax_layout_list&quot;:[]}\">\n\t\t\t\t\t<div class=\"e-con-inner\">\n\t\t<div class=\"elementor-element elementor-element-b568f8a e-con-full e-flex e-con e-child\" data-id=\"b568f8a\" data-element_type=\"container\" data-e-type=\"container\" data-settings=\"{&quot;jet_parallax_layout_list&quot;:[]}\">\n\t\t\t\t<div class=\"elementor-element elementor-element-d17761b elementor-view-default elementor-widget elementor-widget-icon\" data-id=\"d17761b\" data-element_type=\"widget\" data-e-type=\"widget\" data-widget_type=\"icon.default\">\n\t\t\t\t\t\t\t<div class=\"elementor-icon-wrapper\">\n\t\t\t<div class=\"elementor-icon\">\n\t\t\t<i aria-hidden=\"true\" class=\"jki jki-warning-light\"><\/i>\t\t\t<\/div>\n\t\t<\/div>\n\t\t\t\t\t\t<\/div>\n\t\t\t\t<\/div>\n\t\t<div class=\"elementor-element elementor-element-6cf850b e-con-full e-flex e-con e-child\" data-id=\"6cf850b\" data-element_type=\"container\" data-e-type=\"container\" data-settings=\"{&quot;jet_parallax_layout_list&quot;:[]}\">\n\t\t\t\t<div class=\"elementor-element elementor-element-4187cd1 elementor-widget elementor-widget-heading\" data-id=\"4187cd1\" data-element_type=\"widget\" data-e-type=\"widget\" data-widget_type=\"heading.default\">\n\t\t\t\t\t<h2 class=\"elementor-heading-title elementor-size-default\">Directorio a la espera de autorizaciones<\/h2>\t\t\t\t<\/div>\n\t\t\t\t<div class=\"elementor-element elementor-element-d91cb90 elementor-widget elementor-widget-heading\" data-id=\"d91cb90\" data-element_type=\"widget\" data-e-type=\"widget\" data-widget_type=\"heading.default\">\n\t\t\t\t\t<p class=\"elementor-heading-title elementor-size-default\">El directorio del Ayuntamiento de Zas a\u00fan est\u00e1 incompleto, a la espera de la autorizaci\u00f3n de las empresas que faltan para a\u00f1adirlas. Completaremos la lista en breve. Disculpen las molestias.  <\/p>\t\t\t\t<\/div>\n\t\t\t\t<\/div>\n\t\t\t\t\t<\/div>\n\t\t\t\t<\/div>\n\t\t<div class=\"elementor-element elementor-element-e890b12 e-flex e-con-boxed e-con e-parent\" data-id=\"e890b12\" data-element_type=\"container\" data-e-type=\"container\" data-settings=\"{&quot;background_background&quot;:&quot;classic&quot;,&quot;jet_parallax_layout_list&quot;:[]}\">\n\t\t\t\t\t<div class=\"e-con-inner\">\n\t\t<div class=\"elementor-element elementor-element-82e66fd e-con-full e-flex e-con e-child\" data-id=\"82e66fd\" data-element_type=\"container\" data-e-type=\"container\" data-settings=\"{&quot;jet_parallax_layout_list&quot;:[]}\">\n\t\t\t\t<div class=\"elementor-element elementor-element-f5f4733 elementor-widget elementor-widget-heading\" data-id=\"f5f4733\" data-element_type=\"widget\" data-e-type=\"widget\" data-widget_type=\"heading.default\">\n\t\t\t\t\t<h2 class=\"elementor-heading-title elementor-size-default\">A\u00f1ade tu empresa al directorio<\/h2>\t\t\t\t<\/div>\n\t\t\t\t<div class=\"elementor-element elementor-element-9e0c03d elementor-widget elementor-widget-text-editor\" data-id=\"9e0c03d\" data-element_type=\"widget\" data-e-type=\"widget\" data-widget_type=\"text-editor.default\">\n\t\t\t\t\t\t\t\t\t<p>Si tu empresa desarrolla su actividad dentro del t\u00e9rmino municipal del Ayuntamiento de Zas puedes a\u00f1adirla f\u00e1cilmente desde nuestra intranet. Pulsa en el siguiente bot\u00f3n para a\u00f1adir tu empresa directamente. <\/p>\t\t\t\t\t\t\t\t<\/div>\n\t\t\t\t<div class=\"elementor-element elementor-element-36c734b elementor-widget elementor-widget-jkit_button\" data-id=\"36c734b\" data-element_type=\"widget\" data-e-type=\"widget\" data-widget_type=\"jkit_button.default\">\n\t\t\t\t\t<div  class=\"jeg-elementor-kit jkit-button  icon-position-after jeg_module___69f758b0570f7\" ><a href=\"https:\/\/concellodezas.gal\/engade-a-tua-empresa\/\" class=\"jkit-button-wrapper\">Engade a t\u00faa empresa no directorio<\/a><\/div>\t\t\t\t<\/div>\n\t\t\t\t<\/div>\n\t\t\t\t\t<\/div>\n\t\t\t\t<\/div>\n\t\t\t\t<\/div>\n\t\t","protected":false},"excerpt":{"rendered":"<p>El Directorio del Ayuntamiento de Zas recoge en un solo lugar las empresas, servicios p\u00fablicos, centros educativos y asociaciones del municipio. Es una herramienta sencilla para encontrar contactos de inter\u00e9s, apoyar el comercio local y descubrir los recursos que dan vida a nuestro ayuntamiento. <\/p>\n","protected":false},"author":3,"featured_media":21824,"parent":0,"menu_order":0,"comment_status":"closed","ping_status":"closed","template":"","meta":{"slim_seo":{"title":"Directorio Ayuntamiento de Zas - Concello de Zas","description":"El Directorio del Ayuntamiento de Zas recoge en un solo lugar las empresas, servicios p\u00fablicos, centros educativos y asociaciones del municipio. Es una herramie"},"footnotes":""},"class_list":["post-27961","page","type-page","status-publish","has-post-thumbnail","hentry"],"_links":{"self":[{"href":"https:\/\/concellodezas.gal\/es\/wp-json\/wp\/v2\/pages\/27961","targetHints":{"allow":["GET"]}}],"collection":[{"href":"https:\/\/concellodezas.gal\/es\/wp-json\/wp\/v2\/pages"}],"about":[{"href":"https:\/\/concellodezas.gal\/es\/wp-json\/wp\/v2\/types\/page"}],"author":[{"embeddable":true,"href":"https:\/\/concellodezas.gal\/es\/wp-json\/wp\/v2\/users\/3"}],"replies":[{"embeddable":true,"href":"https:\/\/concellodezas.gal\/es\/wp-json\/wp\/v2\/comments?post=27961"}],"version-history":[{"count":2,"href":"https:\/\/concellodezas.gal\/es\/wp-json\/wp\/v2\/pages\/27961\/revisions"}],"predecessor-version":[{"id":30015,"href":"https:\/\/concellodezas.gal\/es\/wp-json\/wp\/v2\/pages\/27961\/revisions\/30015"}],"wp:featuredmedia":[{"embeddable":true,"href":"https:\/\/concellodezas.gal\/es\/wp-json\/wp\/v2\/media\/21824"}],"wp:attachment":[{"href":"https:\/\/concellodezas.gal\/es\/wp-json\/wp\/v2\/media?parent=27961"}],"curies":[{"name":"wp","href":"https:\/\/api.w.org\/{rel}","templated":true}]}}