{"id":27655,"date":"2020-02-17T09:27:38","date_gmt":"2020-02-17T08:27:38","guid":{"rendered":"https:\/\/concellodezas.gal\/?page_id=27655"},"modified":"2025-11-24T07:33:42","modified_gmt":"2025-11-24T06:33:42","slug":"aviso-legal","status":"publish","type":"page","link":"https:\/\/concellodezas.gal\/es\/aviso-legal\/","title":{"rendered":"Aviso legal"},"content":{"rendered":"\n<p>En cumplimiento del art\u00edculo 10 de la Ley 34\/2002, de 11 de julio, de Servicios de la Sociedad de la Informaci\u00f3n y de Comercio Electr\u00f3nico, el Concello de Zas le informa de que sus datos identificativos son los siguientes:<\/p>\n\n\n\n<ul class=\"wp-block-list\">\n<li>La denominaci\u00f3n social es Concello de Zas<\/li>\n\n\n\n<li>CIF P1509400F<\/li>\n\n\n\n<li>Domicilio social: Praza do Campo, s\/n; 15850 Zas &#8211; A Coru\u00f1a<\/li>\n\n\n\n<li>Tel\u00e9fono: 981 708 303<\/li>\n\n\n\n<li>FAX: 981 751 142<\/li>\n\n\n\n<li>Correo electr\u00f3nico a efectos de comunicaci\u00f3n: <a href=\"mailto:correo@concellodezas.org\" title=\"correo@concellodezas.org\">correo@concellodezas.org<\/a><\/li>\n<\/ul>\n\n\n\n<p>Todas las notificaciones y comunicaciones entre los usuarios y el Concello de Zas se considerar\u00e1n eficaces, a todos los efectos, cuando se realicen a trav\u00e9s de correo postal o de cualquiera de los dem\u00e1s medios detallados anteriormente.<\/p>\n\n\n\n<h4 class=\"wp-block-heading\">CONDICIONES DE ACCESO Y UTILIZACI\u00d3N<\/h4>\n\n\n\n<p>El presente aviso legal regula el uso del sitio web (en adelante, LA WEB), del que es titular el Concello de Zas.<\/p>\n\n\n\n<p>La navegaci\u00f3n por la web del Concello de Zas atribuye la condici\u00f3n de usuario de la misma e implica la aceptaci\u00f3n plena y sin reservas de todas y cada una de las disposiciones incluidas en este Aviso Legal, que podr\u00e1n sufrir modificaciones.<\/p>\n\n\n\n<p>El sitio web y sus servicios son de acceso libre y gratuito; no obstante, el Concello de Zas condiciona la utilizaci\u00f3n de algunos de los servicios ofrecidos en su web a la previa cumplimentaci\u00f3n del correspondiente formulario.<\/p>\n\n\n\n<p>Todos los contenidos del sitio web, tales como textos, fotograf\u00edas, gr\u00e1ficos, im\u00e1genes, iconos, tecnolog\u00eda, software, as\u00ed como su dise\u00f1o y c\u00f3digos fuente, constituyen una obra cuya propiedad pertenece al Concello de Zas, sin que puedan entenderse cedidos al usuario ninguno de los derechos de explotaci\u00f3n sobre los mismos m\u00e1s all\u00e1 de lo estrictamente necesario para el correcto uso de la web.<\/p>\n\n\n\n<p>El usuario garantiza la autenticidad y actualidad de todos aquellos datos que comunique al Concello de Zas y ser\u00e1 el \u00fanico responsable de las manifestaciones falsas o inexactas que realice.<\/p>\n\n\n\n<p>El usuario se obliga a hacer un uso correcto del sitio web de conformidad con las leyes, la buena fe, el orden p\u00fablico, los usos del tr\u00e1fico y el presente Aviso Legal. El usuario responder\u00e1 frente al Concello de Zas, o frente a terceros, de cualesquiera da\u00f1os y perjuicios que pudieran causarse como consecuencia del incumplimiento de dicha obligaci\u00f3n.<\/p>\n\n\n\n<h4 class=\"wp-block-heading\">POL\u00cdTICA DE ENLACES Y EXENCIONES DE RESPONSABILIDAD<\/h4>\n\n\n\n<p>El Concello de Zas no se hace responsable del contenido de las p\u00e1ginas web a las que el usuario pueda acceder a trav\u00e9s de los enlaces establecidos en su website y declara que en ning\u00fan caso proceder\u00e1 a examinar ni a ejercer ning\u00fan tipo de control sobre el contenido de otras p\u00e1ginas de la red. Asimismo, tampoco garantiza la disponibilidad t\u00e9cnica, exactitud, veracidad, validez o legalidad de p\u00e1ginas ajenas a su propiedad a las que se pueda acceder por medio de dichos enlaces.<\/p>\n\n\n\n<p>El Concello de Zas declara haber adoptado todas las medidas necesarias para evitar cualquier da\u00f1o que, a los usuarios de su website, pudieran derivarse de la navegaci\u00f3n por su p\u00e1gina web. En consecuencia, el Concello de Zas no se hace responsable, en ning\u00fan caso, de los eventuales da\u00f1os que por la navegaci\u00f3n por Internet pudiera sufrir el usuario.<\/p>\n\n\n\n<p>&nbsp;<\/p>\n\n\n\n<h4 class=\"wp-block-heading\">USO DE COOKIES Y DATOS ESTAD\u00cdSTICOS<\/h4>\n\n\n\n<p>Esta p\u00e1gina web no recoge ni almacena datos personales de sus visitantes. \u00danicamente, con la finalidad de ofrecerle el mejor servicio a trav\u00e9s de esta p\u00e1gina y con el objeto de facilitar su uso, se analizan el n\u00famero de p\u00e1ginas visitadas, el n\u00famero de visitas, as\u00ed como la frecuencia de utilizaci\u00f3n.<\/p>\n\n\n\n<p>A estos efectos, se utilizan los datos estad\u00edsticos elaborados por el Proveedor de Servicios de Internet del Concello de Zas. Con esta informaci\u00f3n se analiza la frecuencia de uso de la web de la entidad a partir de los datos de conexi\u00f3n y de las secciones m\u00e1s visitadas. El Concello de Zas no utiliza cookies para recoger informaci\u00f3n de los usuarios desde su p\u00e1gina web ni registra sus direcciones IP.<\/p>\n\n\n\n<p>El usuario tiene la posibilidad de configurar su navegador de modo que se le informe de la recepci\u00f3n de cookies, pudiendo, si as\u00ed lo desea, impedir que sean instaladas en su disco duro. No obstante, para el acceso a la website del Concello de Zas no ser\u00e1 preceptiva la instalaci\u00f3n de cookies.<\/p>\n\n\n\n<h4 class=\"wp-block-heading\">PROTECCI\u00d3N DE DATOS<\/h4>\n\n\n\n<p>Se le informa de que los datos personales que nos facilite voluntariamente, a trav\u00e9s de los distintos formularios de la web, ser\u00e1n incorporados a un fichero titularidad del Concello de Zas, con domicilio en Praza do Campo, s\/n; 15850 Zas &#8211; A Coru\u00f1a, que cumple con las medidas de seguridad exigidas en el Real Decreto 1720\/2007, de 21 de diciembre. La finalidad de dicho fichero es la prestaci\u00f3n y administraci\u00f3n del servicio contratado o solicitado, as\u00ed como la realizaci\u00f3n de estad\u00edsticas, el env\u00edo de publicidad y otras promociones comerciales que el Concello de Zas pueda efectuar en el futuro.<\/p>\n\n\n\n<p>Mediante el env\u00edo de los mencionados formularios, el usuario autoriza a que se le env\u00ede informaci\u00f3n y comunicaciones comerciales, a trav\u00e9s de correo postal, correo electr\u00f3nico o fax, sobre los productos y servicios de la entidad.<\/p>\n\n\n\n<p>Asimismo, el Concello de Zas cancelar\u00e1 o rectificar\u00e1 los datos cuando resulten inexactos, incompletos o hayan dejado de ser necesarios para su finalidad, de conformidad con lo previsto en la Ley Org\u00e1nica 15\/1999, de 13 de diciembre, de Protecci\u00f3n de Datos de Car\u00e1cter Personal.<\/p>\n\n\n\n<p>El usuario podr\u00e1 revocar el consentimiento prestado y ejercer los derechos de acceso, rectificaci\u00f3n, cancelaci\u00f3n y oposici\u00f3n dirigi\u00e9ndose por escrito al Concello de Zas, en el siguiente domicilio: Praza do Campo, s\/n; 15850 Zas &#8211; A Coru\u00f1a, o bien a trav\u00e9s del siguiente correo electr\u00f3nico <a title=\"correo@concellodezas.org\" href=\"mailto:correo@concellodezas.org\">correo@concellodezas.org<\/a>, identific\u00e1ndose debidamente e indicando de forma visible el concreto derecho que ejerce.<\/p>\n\n\n\n<p>El Concello de Zas adopta los niveles de seguridad correspondientes requeridos por la citada Ley Org\u00e1nica 15\/1999 y dem\u00e1s normativa aplicable. No obstante, no asume ninguna responsabilidad por los da\u00f1os y perjuicios derivados de las alteraciones que terceros puedan causar en los sistemas inform\u00e1ticos, documentos electr\u00f3nicos o ficheros del usuario.<\/p>\n\n\n\n<p><\/p>\n","protected":false},"excerpt":{"rendered":"<p>En cumplimiento del art\u00edculo 10 de la Ley 34\/2002, de 11 de julio, de Servicios de la Sociedad de la Informaci\u00f3n y de Comercio Electr\u00f3nico, el Concello de Zas le informa de que sus datos identificativos son los siguientes: Todas las notificaciones y comunicaciones entre los usuarios y el Concello de Zas se considerar\u00e1n eficaces, [&hellip;]<\/p>\n","protected":false},"author":3,"featured_media":0,"parent":0,"menu_order":0,"comment_status":"closed","ping_status":"closed","template":"","meta":{"slim_seo":{"title":"Aviso legal - Concello de Zas","description":"En cumplimiento del art\u00edculo 10 de la Ley 34\/2002, de 11 de julio, de Servicios de la Sociedad de la Informaci\u00f3n y de Comercio Electr\u00f3nico, el Concello de Zas l"},"footnotes":""},"class_list":["post-27655","page","type-page","status-publish","hentry"],"_links":{"self":[{"href":"https:\/\/concellodezas.gal\/es\/wp-json\/wp\/v2\/pages\/27655","targetHints":{"allow":["GET"]}}],"collection":[{"href":"https:\/\/concellodezas.gal\/es\/wp-json\/wp\/v2\/pages"}],"about":[{"href":"https:\/\/concellodezas.gal\/es\/wp-json\/wp\/v2\/types\/page"}],"author":[{"embeddable":true,"href":"https:\/\/concellodezas.gal\/es\/wp-json\/wp\/v2\/users\/3"}],"replies":[{"embeddable":true,"href":"https:\/\/concellodezas.gal\/es\/wp-json\/wp\/v2\/comments?post=27655"}],"version-history":[{"count":1,"href":"https:\/\/concellodezas.gal\/es\/wp-json\/wp\/v2\/pages\/27655\/revisions"}],"predecessor-version":[{"id":27656,"href":"https:\/\/concellodezas.gal\/es\/wp-json\/wp\/v2\/pages\/27655\/revisions\/27656"}],"wp:attachment":[{"href":"https:\/\/concellodezas.gal\/es\/wp-json\/wp\/v2\/media?parent=27655"}],"curies":[{"name":"wp","href":"https:\/\/api.w.org\/{rel}","templated":true}]}}