{"id":27408,"date":"2025-08-25T11:09:04","date_gmt":"2025-08-25T09:09:04","guid":{"rendered":"https:\/\/concellodezas.gal\/novas\/"},"modified":"2025-11-18T19:21:36","modified_gmt":"2025-11-18T18:21:36","slug":"novas","status":"publish","type":"page","link":"https:\/\/concellodezas.gal\/es\/novas\/","title":{"rendered":"Novas"},"content":{"rendered":"\t\t<div data-elementor-type=\"wp-page\" data-elementor-id=\"27408\" class=\"elementor elementor-27408 elementor-20468\" data-elementor-post-type=\"page\">\n\t\t\t\t<div class=\"elementor-element elementor-element-4ddfac9 e-flex e-con-boxed e-con e-parent\" data-id=\"4ddfac9\" data-element_type=\"container\" data-e-type=\"container\" data-settings=\"{&quot;jet_parallax_layout_list&quot;:[]}\">\n\t\t\t\t\t<div class=\"e-con-inner\">\n\t\t<div class=\"elementor-element elementor-element-713643d e-con-full e-flex e-con e-child\" data-id=\"713643d\" data-element_type=\"container\" data-e-type=\"container\" data-settings=\"{&quot;jet_parallax_layout_list&quot;:[]}\">\n\t\t<div class=\"elementor-element elementor-element-f9ebd2c e-con-full e-flex e-con e-child\" data-id=\"f9ebd2c\" data-element_type=\"container\" data-e-type=\"container\" data-settings=\"{&quot;jet_parallax_layout_list&quot;:[]}\">\n\t\t\t\t<div class=\"elementor-element elementor-element-6ac5fbe elementor-widget elementor-widget-heading\" data-id=\"6ac5fbe\" data-element_type=\"widget\" data-e-type=\"widget\" data-widget_type=\"heading.default\">\n\t\t\t\t\t<h2 class=\"elementor-heading-title elementor-size-default\">Noticias y actualidad del Ayuntamiento de Zas<\/h2>\t\t\t\t<\/div>\n\t\t\t\t<div class=\"elementor-element elementor-element-01bfd72 elementor-widget elementor-widget-text-editor\" data-id=\"01bfd72\" data-element_type=\"widget\" data-e-type=\"widget\" data-widget_type=\"text-editor.default\">\n\t\t\t\t\t\t\t\t\t<p>En esta secci\u00f3n se recogen todas las noticias publicadas por el Ayuntamiento de Zas desde el a\u00f1o 2016, cuando se ha puesto en marcha la primera web municipal. Aqu\u00ed puedes encontrar un archivo completo y actualizado de la actividad municipal, que refleja el d\u00eda a d\u00eda de nuestra comunidad y la evoluci\u00f3n del ayuntamiento a lo largo de los a\u00f1os.<\/p>\t\t\t\t\t\t\t\t<\/div>\n\t\t\t\t<\/div>\n\t\t<div class=\"elementor-element elementor-element-e2658e5 e-con-full e-flex e-con e-child\" data-id=\"e2658e5\" data-element_type=\"container\" data-e-type=\"container\" data-settings=\"{&quot;jet_parallax_layout_list&quot;:[]}\">\n\t\t\t\t<div class=\"elementor-element elementor-element-f216d67 elementor-widget elementor-widget-jet-smart-filters-date-period\" data-id=\"f216d67\" data-element_type=\"widget\" data-e-type=\"widget\" data-widget_type=\"jet-smart-filters-date-period.default\">\n\t\t\t\t<div class=\"elementor-widget-container\">\n\t\t\t\t\t<div class=\"jet-smart-filters-date-period jet-filter \" data-indexer-rule=\"show\" data-show-counter=\"\" data-change-counter=\"always\"><div\n\tclass=\"jet-date-period button-icon-position-left\"\n\tdata-query-type=\"date_query\" data-query-var=\"\" data-smart-filter=\"date-period\" data-filter-id=\"26011\" data-apply-type=\"ajax\" data-content-provider=\"jet-engine\" data-additional-providers=\"\" data-query-id=\"default\" data-active-label=\"\" data-layout-options=\"{&quot;show_label&quot;:&quot;&quot;,&quot;display_options&quot;:{&quot;show_items_label&quot;:false,&quot;show_decorator&quot;:false,&quot;filter_image_size&quot;:&quot;full&quot;,&quot;show_counter&quot;:false}}\" data-query-var-suffix=\"date\" data-apply-on=\"value\" data-period-type=\"week\">\n\t<div class=\"jet-date-period__wrapper\">\n\t\t<div\n\t\t\tclass=\"jet-date-period__prev\"\n\t\t\t\t\t>\n\t\t\t<svg width=\"21\" height=\"28\" viewBox=\"0 0 21 28\" xmlns=\"http:\/\/www.w3.org\/2000\/svg\">\n\t<path d=\"M18.297 4.703l-8.297 8.297 8.297 8.297c0.391 0.391 0.391 1.016 0 1.406l-2.594 2.594c-0.391 0.391-1.016 0.391-1.406 0l-11.594-11.594c-0.391-0.391-0.391-1.016 0-1.406l11.594-11.594c0.391-0.391 1.016-0.391 1.406 0l2.594 2.594c0.391 0.391 0.391 1.016 0 1.406z\"><\/path>\n<\/svg>\n\t\t<\/div>\n\t\t<div class=\"jet-date-period__datepicker date\">\n\t\t\t<div\n\t\t\t\tclass=\"jet-date-period__datepicker-button input-group-addon\"\n\t\t\t\t\t\t\t>\n\t\t\t\tSelecciona data\t\t\t\t<svg width=\"18\" height=\"28\" viewBox=\"0 0 18 28\" xmlns=\"http:\/\/www.w3.org\/2000\/svg\">\n\t<path d=\"M16.797 11.5c0 0.125-0.063 0.266-0.156 0.359l-7.281 7.281c-0.094 0.094-0.234 0.156-0.359 0.156s-0.266-0.063-0.359-0.156l-7.281-7.281c-0.094-0.094-0.156-0.234-0.156-0.359s0.063-0.266 0.156-0.359l0.781-0.781c0.094-0.094 0.219-0.156 0.359-0.156 0.125 0 0.266 0.063 0.359 0.156l6.141 6.141 6.141-6.141c0.094-0.094 0.234-0.156 0.359-0.156s0.266 0.063 0.359 0.156l0.781 0.781c0.094 0.094 0.156 0.234 0.156 0.359z\"><\/path>\n<\/svg>\n\t\t\t<\/div>\n\t\t\t<input\n\t\t\t\tclass=\"jet-date-period__datepicker-input\"\n\t\t\t\tname=\"\"\n\t\t\t\tvalue=\"\"\n\t\t\t\taria-label=\"Seleccionar ano de publicaci\u00f3n posts entradas\"\n\t\t\t\ttype=\"hidden\"\n\t\t\t\ttabindex=\"-1\"\n\t\t\t\tdata-format=\"{&quot;start&quot;:&quot;dd\\\/mm\\\/yy&quot;,&quot;separator&quot;:&quot;&quot;,&quot;end&quot;:&quot;dd\\\/mm\\\/yy&quot;}\"\n\t\t\t\tdata-maxdate=\"today\"\t\t\t\treadonly\n\t\t\t>\n\t\t<\/div>\n\t\t<div\n\t\t\tclass=\"jet-date-period__next\"\n\t\t\t\t\t>\n\t\t\t<svg width=\"19\" height=\"28\" viewBox=\"0 0 19 28\" xmlns=\"http:\/\/www.w3.org\/2000\/svg\">\n\t<path d=\"M17.297 13.703l-11.594 11.594c-0.391 0.391-1.016 0.391-1.406 0l-2.594-2.594c-0.391-0.391-0.391-1.016 0-1.406l8.297-8.297-8.297-8.297c-0.391-0.391-0.391-1.016 0-1.406l2.594-2.594c0.391-0.391 1.016-0.391 1.406 0l11.594 11.594c0.391 0.391 0.391 1.016 0 1.406z\"><\/path>\n<\/svg>\n\t\t<\/div>\n\t<\/div>\n<\/div>\n<\/div>\t\t\t\t<\/div>\n\t\t\t\t<\/div>\n\t\t\t\t<div class=\"elementor-element elementor-element-b91a96f jet-smart-filter-content-position-column jet-smart-filter-group-position-column elementor-widget elementor-widget-jet-smart-filters-select\" data-id=\"b91a96f\" data-element_type=\"widget\" data-e-type=\"widget\" data-widget_type=\"jet-smart-filters-select.default\">\n\t\t\t\t<div class=\"elementor-widget-container\">\n\t\t\t\t\t<div class=\"jet-smart-filters-select jet-filter \" data-indexer-rule=\"show\" data-show-counter=\"\" data-change-counter=\"always\"><div class=\"jet-select\" data-query-type=\"tax_query\" data-query-var=\"category\" data-smart-filter=\"select\" data-filter-id=\"26010\" data-apply-type=\"ajax\" data-content-provider=\"jet-engine\" data-additional-providers=\"\" data-query-id=\"default\" data-active-label=\"\" data-layout-options=\"{&quot;show_label&quot;:&quot;&quot;,&quot;display_options&quot;:{&quot;show_items_label&quot;:false,&quot;show_decorator&quot;:false,&quot;filter_image_size&quot;:&quot;full&quot;,&quot;show_counter&quot;:false}}\" data-query-var-suffix=\"\" data-apply-on=\"value\">\n\t\t\t\t<select\n\t\t\tclass=\"jet-select__control\"\n\t\t\tname=\"category\"\n\t\t\t\t\t\taria-label=\"Selector de categor\u00edas Novas\"\n\t\t>\n\t\t\t\t\t\t\t\t\t\t<option\n\t\t\t\t\tvalue=\"\"\n\t\t\t\t\tdata-label=\"Categor\u00edas...\"\n\t\t\t\t\tdata-counter-prefix=\"\"\n\t\t\t\t\tdata-counter-suffix=\"\"\n\t\t\t\t\t\t\t\t\t\t\t\t\t\t>\n\t\t\t\t\tCategor\u00edas...\t\t\t\t<\/option>\n\t\t\t\t\t\t\t\t<option\n\t\t\t\t\tvalue=\"584\"\n\t\t\t\t\tdata-label=\"Ayuntamiento\"\n\t\t\t\t\tdata-counter-prefix=\"\"\n\t\t\t\t\tdata-counter-suffix=\"\"\n\t\t\t\t\t\t\t\t\t\t\t\t\t\t>\n\t\t\t\t\tAyuntamiento\t\t\t\t<\/option>\n\t\t\t\t\t\t\t\t<option\n\t\t\t\t\tvalue=\"571\"\n\t\t\t\t\tdata-label=\"Blog\"\n\t\t\t\t\tdata-counter-prefix=\"\"\n\t\t\t\t\tdata-counter-suffix=\"\"\n\t\t\t\t\t\t\t\t\t\t\t\t\t\t>\n\t\t\t\t\tBlog\t\t\t\t<\/option>\n\t\t\t\t\t\t\t\t<option\n\t\t\t\t\tvalue=\"411\"\n\t\t\t\t\tdata-label=\"Centro de Informaci\u00f3n \u00e1 muller\"\n\t\t\t\t\tdata-counter-prefix=\"\"\n\t\t\t\t\tdata-counter-suffix=\"\"\n\t\t\t\t\t\t\t\t\t\t\t\t\t\t>\n\t\t\t\t\tCentro de Informaci\u00f3n \u00e1 muller\t\t\t\t<\/option>\n\t\t\t\t\t\t\t\t<option\n\t\t\t\t\tvalue=\"413\"\n\t\t\t\t\tdata-label=\"Cultura e deportes\"\n\t\t\t\t\tdata-counter-prefix=\"\"\n\t\t\t\t\tdata-counter-suffix=\"\"\n\t\t\t\t\t\t\t\t\t\t\t\t\t\t>\n\t\t\t\t\tCultura e deportes\t\t\t\t<\/option>\n\t\t\t\t\t\t\t\t<option\n\t\t\t\t\tvalue=\"414\"\n\t\t\t\t\tdata-label=\"Emprego\"\n\t\t\t\t\tdata-counter-prefix=\"\"\n\t\t\t\t\tdata-counter-suffix=\"\"\n\t\t\t\t\t\t\t\t\t\t\t\t\t\t>\n\t\t\t\t\tEmprego\t\t\t\t<\/option>\n\t\t\t\t\t\t\t\t<option\n\t\t\t\t\tvalue=\"412\"\n\t\t\t\t\tdata-label=\"Servizos Sociais\"\n\t\t\t\t\tdata-counter-prefix=\"\"\n\t\t\t\t\tdata-counter-suffix=\"\"\n\t\t\t\t\t\t\t\t\t\t\t\t\t\t>\n\t\t\t\t\tServizos Sociais\t\t\t\t<\/option>\n\t\t\t\t\t\t\t\t<option\n\t\t\t\t\tvalue=\"1\"\n\t\t\t\t\tdata-label=\"Sin categorizar\"\n\t\t\t\t\tdata-counter-prefix=\"\"\n\t\t\t\t\tdata-counter-suffix=\"\"\n\t\t\t\t\t\t\t\t\t\t\t\t\t\t>\n\t\t\t\t\tSin categorizar\t\t\t\t<\/option>\n\t\t\t\t\t\t\t\t<option\n\t\t\t\t\tvalue=\"415\"\n\t\t\t\t\tdata-label=\"Turismo\"\n\t\t\t\t\tdata-counter-prefix=\"\"\n\t\t\t\t\tdata-counter-suffix=\"\"\n\t\t\t\t\t\t\t\t\t\t\t\t\t\t>\n\t\t\t\t\tTurismo\t\t\t\t<\/option>\n\t\t\t\t\t\t\t\t<option\n\t\t\t\t\tvalue=\"416\"\n\t\t\t\t\tdata-label=\"Urbanismo\"\n\t\t\t\t\tdata-counter-prefix=\"\"\n\t\t\t\t\tdata-counter-suffix=\"\"\n\t\t\t\t\t\t\t\t\t\t\t\t\t\t>\n\t\t\t\t\tUrbanismo\t\t\t\t<\/option>\n\t\t\t\t<\/select>\n\t<\/div><\/div>\t\t\t\t<\/div>\n\t\t\t\t<\/div>\n\t\t\t\t<div class=\"elementor-element elementor-element-2519546 jet-smart-filter-content-position-line elementor-widget-mobile__width-inherit elementor-widget elementor-widget-jet-smart-filters-search\" data-id=\"2519546\" data-element_type=\"widget\" data-e-type=\"widget\" data-widget_type=\"jet-smart-filters-search.default\">\n\t\t\t\t<div class=\"elementor-widget-container\">\n\t\t\t\t\t<div class=\"jet-smart-filters-search jet-filter\">\n<div\n\tclass=\"jet-search-filter\"\n\tdata-query-type=\"_s\" data-query-var=\"query\" data-smart-filter=\"search\" data-filter-id=\"26009\" data-apply-type=\"ajax-ontyping\" data-content-provider=\"jet-engine\" data-additional-providers=\"\" data-query-id=\"default\" data-active-label=\"\" data-layout-options=\"{&quot;show_label&quot;:&quot;&quot;,&quot;display_options&quot;:[]}\" data-query-var-suffix=\"search\" data-min-letters-count=\"3\">\n\t<div class=\"jet-search-filter__input-wrapper\">\n\t\t<input\n\t\t\tclass=\"jet-search-filter__input\"\n\t\t\ttype=\"search\"\n\t\t\tautocomplete=\"off\"\n\t\t\tname=\"query\"\n\t\t\tvalue=\"\"\n\t\t\tplaceholder=\"Procurar...\"\n\t\t\taria-label=\"Buscador de noticias\"\n\t\t\t\t\t>\n\t\t\t\t\t<div class=\"jet-search-filter__input-clear\">\n\t\t\t\t<svg width=\"22\" height=\"28\" viewBox=\"0 0 22 28\" xmlns=\"http:\/\/www.w3.org\/2000\/svg\">\n\t<path d=\"M20.281 20.656c0 0.391-0.156 0.781-0.438 1.062l-2.125 2.125c-0.281 0.281-0.672 0.438-1.062 0.438s-0.781-0.156-1.062-0.438l-4.594-4.594-4.594 4.594c-0.281 0.281-0.672 0.438-1.062 0.438s-0.781-0.156-1.062-0.438l-2.125-2.125c-0.281-0.281-0.438-0.672-0.438-1.062s0.156-0.781 0.438-1.062l4.594-4.594-4.594-4.594c-0.281-0.281-0.438-0.672-0.438-1.062s0.156-0.781 0.438-1.062l2.125-2.125c0.281-0.281 0.672-0.438 1.062-0.438s0.781 0.156 1.062 0.438l4.594 4.594 4.594-4.594c0.281-0.281 0.672-0.438 1.062-0.438s0.781 0.156 1.062 0.438l2.125 2.125c0.281 0.281 0.438 0.672 0.438 1.062s-0.156 0.781-0.438 1.062l-4.594 4.594 4.594 4.594c0.281 0.281 0.438 0.672 0.438 1.062z\"><\/path>\n<\/svg>\n\t\t\t<\/div>\n\t\t\t<div class=\"jet-search-filter__input-loading\"><\/div>\n\t\t\t<\/div>\n\n\t<\/div>\n<\/div>\t\t\t\t<\/div>\n\t\t\t\t<\/div>\n\t\t\t\t<div class=\"elementor-element elementor-element-6aa2481 elementor-widget elementor-widget-jet-smart-filters-remove-filters hide-widget\" data-id=\"6aa2481\" data-element_type=\"widget\" data-e-type=\"widget\" data-widget_type=\"jet-smart-filters-remove-filters.default\">\n\t\t\t\t<div class=\"elementor-widget-container\">\n\t\t\t\t\t<div class=\"jet-smart-filters-remove-filters jet-filter\"><div class=\"jet-remove-all-filters hide\">\n\t<button\n\t\ttype=\"button\"\n\t\tclass=\"jet-remove-all-filters__button\"\n\t\tdata-content-provider=\"jet-engine\"\n\t\tdata-additional-providers=\"\"\n\t\tdata-apply-type=\"ajax\"\n\t\tdata-query-id=\"default\"\n\t\t\t>\n\t\tLimpiar filtros\t<\/button>\n<\/div><\/div>\t\t\t\t<\/div>\n\t\t\t\t<\/div>\n\t\t\t\t<\/div>\n\t\t\t\t<div class=\"elementor-element elementor-element-dd29003 elementor-widget elementor-widget-jet-listing-grid\" data-id=\"dd29003\" data-element_type=\"widget\" data-e-type=\"widget\" data-settings=\"{&quot;columns_tablet&quot;:&quot;2&quot;,&quot;columns_mobile&quot;:&quot;1&quot;,&quot;columns&quot;:3}\" data-widget_type=\"jet-listing-grid.default\">\n\t\t\t\t\t<div class=\"jet-listing-grid jet-listing\"><div class=\"jet-listing-not-found jet-listing-grid__items\" data-nav=\"{&quot;enabled&quot;:true,&quot;type&quot;:&quot;click&quot;,&quot;more_el&quot;:&quot;#cargarmaisnovas&quot;,&quot;query&quot;:{&quot;post_status&quot;:[&quot;publish&quot;],&quot;post_type&quot;:&quot;post&quot;,&quot;posts_per_page&quot;:&quot;9&quot;,&quot;paged&quot;:&quot;1&quot;,&quot;ignore_sticky_posts&quot;:&quot;1&quot;,&quot;tax_query&quot;:[{&quot;taxonomy&quot;:&quot;category&quot;,&quot;field&quot;:&quot;name&quot;,&quot;terms&quot;:[&quot;concello&quot;],&quot;operator&quot;:&quot;IN&quot;}],&quot;suppress_filters&quot;:false,&quot;jet_smart_filters&quot;:&quot;jet-engine\\\/default&quot;,&quot;signature&quot;:&quot;fca9437b4bb989ead573a28cf668203ebc8fb8184a89b83b052bdc3f60f83e66&quot;},&quot;widget_settings&quot;:{&quot;lisitng_id&quot;:21655,&quot;posts_num&quot;:9,&quot;columns&quot;:3,&quot;columns_tablet&quot;:2,&quot;columns_mobile&quot;:1,&quot;column_min_width&quot;:240,&quot;column_min_width_tablet&quot;:240,&quot;column_min_width_mobile&quot;:240,&quot;inline_columns_css&quot;:false,&quot;is_archive_template&quot;:&quot;&quot;,&quot;post_status&quot;:[&quot;publish&quot;],&quot;use_random_posts_num&quot;:&quot;&quot;,&quot;max_posts_num&quot;:9,&quot;not_found_message&quot;:&quot;No hemos encontrado nada&quot;,&quot;is_masonry&quot;:false,&quot;equal_columns_height&quot;:&quot;&quot;,&quot;use_load_more&quot;:&quot;yes&quot;,&quot;load_more_id&quot;:&quot;#cargarmaisnovas&quot;,&quot;load_more_type&quot;:&quot;click&quot;,&quot;load_more_offset&quot;:null,&quot;use_custom_post_types&quot;:&quot;&quot;,&quot;custom_post_types&quot;:[],&quot;hide_widget_if&quot;:&quot;&quot;,&quot;carousel_enabled&quot;:&quot;&quot;,&quot;slides_to_scroll&quot;:&quot;1&quot;,&quot;arrows&quot;:&quot;true&quot;,&quot;arrow_icon&quot;:&quot;fa fa-angle-left&quot;,&quot;dots&quot;:&quot;&quot;,&quot;autoplay&quot;:&quot;true&quot;,&quot;pause_on_hover&quot;:&quot;true&quot;,&quot;autoplay_speed&quot;:5000,&quot;infinite&quot;:&quot;true&quot;,&quot;center_mode&quot;:&quot;&quot;,&quot;effect&quot;:&quot;slide&quot;,&quot;speed&quot;:500,&quot;inject_alternative_items&quot;:&quot;&quot;,&quot;injection_items&quot;:[],&quot;scroll_slider_enabled&quot;:&quot;&quot;,&quot;scroll_slider_on&quot;:[&quot;desktop&quot;,&quot;tablet&quot;,&quot;mobile&quot;],&quot;custom_query&quot;:false,&quot;custom_query_id&quot;:&quot;&quot;,&quot;_element_id&quot;:&quot;&quot;,&quot;collapse_first_last_gap&quot;:false,&quot;list_tag_selection&quot;:&quot;&quot;,&quot;list_items_wrapper_tag&quot;:&quot;ul&quot;,&quot;list_item_tag&quot;:&quot;li&quot;,&quot;empty_items_wrapper_tag&quot;:&quot;div&quot;}}\" data-listing-source=\"posts\" data-listing-id=\"21655\" data-query-id=\"\" data-queried-id=\"27408|WP_Post\">No hemos encontrado nada<\/div><\/div>\t\t\t\t<\/div>\n\t\t\t\t<div class=\"elementor-element elementor-element-8c26a22 elementor-align-center elementor-widget elementor-widget-button\" data-id=\"8c26a22\" data-element_type=\"widget\" data-e-type=\"widget\" id=\"cargarmaisnovas\" data-widget_type=\"button.default\">\n\t\t\t\t\t\t\t\t\t\t<a class=\"elementor-button elementor-button-link elementor-size-sm\" href=\"#\" id=\"cargarmaisnovas\">\n\t\t\t\t\t\t<span class=\"elementor-button-content-wrapper\">\n\t\t\t\t\t\t\t\t\t<span class=\"elementor-button-text\">Cargar m\u00e1s noticias<\/span>\n\t\t\t\t\t<\/span>\n\t\t\t\t\t<\/a>\n\t\t\t\t\t\t\t\t<\/div>\n\t\t\t\t<\/div>\n\t\t\t\t\t<\/div>\n\t\t\t\t<\/div>\n\t\t<div class=\"elementor-element elementor-element-92a465e e-flex e-con-boxed e-con e-parent\" data-id=\"92a465e\" data-element_type=\"container\" data-e-type=\"container\" data-settings=\"{&quot;background_background&quot;:&quot;classic&quot;,&quot;jet_parallax_layout_list&quot;:[]}\">\n\t\t\t\t\t<div class=\"e-con-inner\">\n\t\t<div class=\"elementor-element elementor-element-02f4eb0 e-con-full e-flex e-con e-child\" data-id=\"02f4eb0\" data-element_type=\"container\" data-e-type=\"container\" data-settings=\"{&quot;jet_parallax_layout_list&quot;:[]}\">\n\t\t\t\t<div class=\"elementor-element elementor-element-2e63d71 elementor-widget elementor-widget-heading\" data-id=\"2e63d71\" data-element_type=\"widget\" data-e-type=\"widget\" data-widget_type=\"heading.default\">\n\t\t\t\t\t<h2 class=\"elementor-heading-title elementor-size-default\">Descubre la historia del Ayuntamiento de Zas<\/h2>\t\t\t\t<\/div>\n\t\t\t\t<div class=\"elementor-element elementor-element-794b566 elementor-widget elementor-widget-text-editor\" data-id=\"794b566\" data-element_type=\"widget\" data-e-type=\"widget\" data-widget_type=\"text-editor.default\">\n\t\t\t\t\t\t\t\t\t<p>No te olvides de visitar la secci\u00f3n de \u00abNuestra historia\u00bb para descubrir una historia a lo largo de los a\u00f1os.<\/p>\t\t\t\t\t\t\t\t<\/div>\n\t\t\t\t<div class=\"elementor-element elementor-element-ba7493d elementor-widget elementor-widget-jkit_button\" data-id=\"ba7493d\" data-element_type=\"widget\" data-e-type=\"widget\" data-widget_type=\"jkit_button.default\">\n\t\t\t\t\t<div  class=\"jeg-elementor-kit jkit-button  icon-position-after jeg_module___69f528fb121ae\" ><a href=\"https:\/\/concellodezas.gal\/historia-de-zas\/\" class=\"jkit-button-wrapper\">Historia de Zas<\/a><\/div>\t\t\t\t<\/div>\n\t\t\t\t<\/div>\n\t\t\t\t\t<\/div>\n\t\t\t\t<\/div>\n\t\t\t\t<\/div>\n\t\t","protected":false},"excerpt":{"rendered":"<p>Noticias y actualidad del Ayuntamiento de Zas En esta secci\u00f3n se recogen todas las noticias publicadas por el Ayuntamiento de Zas desde el a\u00f1o 2016, cuando se ha puesto en marcha la primera web municipal. Aqu\u00ed puedes encontrar un archivo completo y actualizado de la actividad municipal, que refleja el d\u00eda a d\u00eda de nuestra [&hellip;]<\/p>\n","protected":false},"author":3,"featured_media":0,"parent":0,"menu_order":0,"comment_status":"closed","ping_status":"closed","template":"","meta":{"slim_seo":{"title":"Novas - Concello de Zas","description":"Noticias y actualidad del Ayuntamiento de Zas En esta secci\u00f3n se recogen todas las noticias publicadas por el Ayuntamiento de Zas desde el a\u00f1o 2016, cuando se h"},"footnotes":""},"class_list":["post-27408","page","type-page","status-publish","hentry"],"_links":{"self":[{"href":"https:\/\/concellodezas.gal\/es\/wp-json\/wp\/v2\/pages\/27408","targetHints":{"allow":["GET"]}}],"collection":[{"href":"https:\/\/concellodezas.gal\/es\/wp-json\/wp\/v2\/pages"}],"about":[{"href":"https:\/\/concellodezas.gal\/es\/wp-json\/wp\/v2\/types\/page"}],"author":[{"embeddable":true,"href":"https:\/\/concellodezas.gal\/es\/wp-json\/wp\/v2\/users\/3"}],"replies":[{"embeddable":true,"href":"https:\/\/concellodezas.gal\/es\/wp-json\/wp\/v2\/comments?post=27408"}],"version-history":[{"count":1,"href":"https:\/\/concellodezas.gal\/es\/wp-json\/wp\/v2\/pages\/27408\/revisions"}],"predecessor-version":[{"id":27410,"href":"https:\/\/concellodezas.gal\/es\/wp-json\/wp\/v2\/pages\/27408\/revisions\/27410"}],"wp:attachment":[{"href":"https:\/\/concellodezas.gal\/es\/wp-json\/wp\/v2\/media?parent=27408"}],"curies":[{"name":"wp","href":"https:\/\/api.w.org\/{rel}","templated":true}]}}