{"id":28059,"date":"2025-09-15T12:02:32","date_gmt":"2025-09-15T10:02:32","guid":{"rendered":"https:\/\/concellodezas.gal\/organizational-chart\/"},"modified":"2026-01-17T10:28:08","modified_gmt":"2026-01-17T09:28:08","slug":"corporation","status":"publish","type":"page","link":"https:\/\/concellodezas.gal\/en\/corporation\/","title":{"rendered":"Corporation"},"content":{"rendered":"\t\t<div data-elementor-type=\"wp-page\" data-elementor-id=\"28059\" class=\"elementor elementor-28059 elementor-22147\" data-elementor-post-type=\"page\">\n\t\t\t\t<div class=\"elementor-element elementor-element-4e22011 e-flex e-con-boxed e-con e-parent\" data-id=\"4e22011\" data-element_type=\"container\" data-e-type=\"container\" data-settings=\"{&quot;jet_parallax_layout_list&quot;:[]}\">\n\t\t\t\t\t<div class=\"e-con-inner\">\n\t\t<div class=\"elementor-element elementor-element-c91f1ad e-con-full e-flex e-con e-child\" data-id=\"c91f1ad\" data-element_type=\"container\" data-e-type=\"container\" data-settings=\"{&quot;jet_parallax_layout_list&quot;:[]}\">\n\t\t\t\t<div class=\"elementor-element elementor-element-ccfb1e9 elementor-widget elementor-widget-heading\" data-id=\"ccfb1e9\" data-element_type=\"widget\" data-e-type=\"widget\" data-widget_type=\"heading.default\">\n\t\t\t\t\t<h2 class=\"elementor-heading-title elementor-size-default\">The Municipal Corporation of Zas<\/h2>\t\t\t\t<\/div>\n\t\t\t\t<div class=\"elementor-element elementor-element-f4db01e elementor-widget elementor-widget-text-editor\" data-id=\"f4db01e\" data-element_type=\"widget\" data-e-type=\"widget\" data-widget_type=\"text-editor.default\">\n\t\t\t\t\t\t\t\t\t<p>Consulta aqu\u00ed a corporaci\u00f3n municipal ao completo do Concello de Zas, formado por todas as concelleiras e concelleiros elixidos democraticamente pola cidadan\u00eda.<\/p>\t\t\t\t\t\t\t\t<\/div>\n\t\t\t\t<\/div>\n\t\t\t\t\t<\/div>\n\t\t\t\t<\/div>\n\t\t<div class=\"elementor-element elementor-element-1ea0d75 e-flex e-con-boxed e-con e-parent\" data-id=\"1ea0d75\" data-element_type=\"container\" data-e-type=\"container\" data-settings=\"{&quot;jet_parallax_layout_list&quot;:[]}\">\n\t\t\t\t\t<div class=\"e-con-inner\">\n\t\t<div class=\"elementor-element elementor-element-3a80ca7 e-con-full e-grid e-con e-child\" data-id=\"3a80ca7\" data-element_type=\"container\" data-e-type=\"container\" data-settings=\"{&quot;jet_parallax_layout_list&quot;:[]}\">\n\t\t<div class=\"elementor-element elementor-element-e8fa6b9 e-con-full e-flex e-con e-child\" data-id=\"e8fa6b9\" data-element_type=\"container\" data-e-type=\"container\" data-settings=\"{&quot;jet_parallax_layout_list&quot;:[]}\">\n\t\t\t\t<div class=\"elementor-element elementor-element-cbbaa72 elementor-widget elementor-widget-image\" data-id=\"cbbaa72\" data-element_type=\"widget\" data-e-type=\"widget\" data-widget_type=\"image.default\">\n\t\t\t\t\t\t\t\t\t\t\t\t\t\t\t<img decoding=\"async\" width=\"150\" height=\"150\" src=\"https:\/\/concellodezas.gal\/wp-content\/uploads\/2025\/09\/Logo-BNG-150x150.jpg\" class=\"attachment-thumbnail size-thumbnail wp-image-22291\" alt=\"BNG logo\" \/>\t\t\t\t\t\t\t\t\t\t\t\t\t\t\t<\/div>\n\t\t\t\t<div class=\"elementor-element elementor-element-2842941 elementor-vertical-align-middle elementor-vertical-align-middle elementor-widget-mobile__width-auto elementor-widget elementor-widget-image-box\" data-id=\"2842941\" data-element_type=\"widget\" data-e-type=\"widget\" data-widget_type=\"image-box.default\">\n\t\t\t\t\t<div class=\"elementor-image-box-wrapper\"><div class=\"elementor-image-box-content\"><div class=\"elementor-image-box-title\">Manuel Mu\u00ed\u00f1o Espasand\u00edn<\/div><p class=\"elementor-image-box-description\">Mayor<\/p><\/div><\/div>\t\t\t\t<\/div>\n\t\t\t\t<\/div>\n\t\t<div class=\"elementor-element elementor-element-acb9475 e-con-full e-flex e-con e-child\" data-id=\"acb9475\" data-element_type=\"container\" data-e-type=\"container\" data-settings=\"{&quot;jet_parallax_layout_list&quot;:[]}\">\n\t\t\t\t<div class=\"elementor-element elementor-element-edbf173 elementor-widget elementor-widget-image\" data-id=\"edbf173\" data-element_type=\"widget\" data-e-type=\"widget\" data-widget_type=\"image.default\">\n\t\t\t\t\t\t\t\t\t\t\t\t\t\t\t<img decoding=\"async\" width=\"150\" height=\"150\" src=\"https:\/\/concellodezas.gal\/wp-content\/uploads\/2025\/09\/Logo-BNG-150x150.jpg\" class=\"attachment-thumbnail size-thumbnail wp-image-22291\" alt=\"BNG logo\" \/>\t\t\t\t\t\t\t\t\t\t\t\t\t\t\t<\/div>\n\t\t\t\t<div class=\"elementor-element elementor-element-3546dae elementor-vertical-align-middle elementor-vertical-align-middle elementor-widget-mobile__width-auto elementor-widget elementor-widget-image-box\" data-id=\"3546dae\" data-element_type=\"widget\" data-e-type=\"widget\" data-widget_type=\"image-box.default\">\n\t\t\t\t\t<div class=\"elementor-image-box-wrapper\"><div class=\"elementor-image-box-content\"><div class=\"elementor-image-box-title\">Natalia Espasand\u00edn Pazos<\/div><p class=\"elementor-image-box-description\">First Deputy Mayor - SOCIAL SERVICES<\/p><\/div><\/div>\t\t\t\t<\/div>\n\t\t\t\t<\/div>\n\t\t<div class=\"elementor-element elementor-element-70b57f2 e-con-full e-flex e-con e-child\" data-id=\"70b57f2\" data-element_type=\"container\" data-e-type=\"container\" data-settings=\"{&quot;jet_parallax_layout_list&quot;:[]}\">\n\t\t\t\t<div class=\"elementor-element elementor-element-d8ecb43 elementor-widget elementor-widget-image\" data-id=\"d8ecb43\" data-element_type=\"widget\" data-e-type=\"widget\" data-widget_type=\"image.default\">\n\t\t\t\t\t\t\t\t\t\t\t\t\t\t\t<img decoding=\"async\" width=\"150\" height=\"150\" src=\"https:\/\/concellodezas.gal\/wp-content\/uploads\/2025\/09\/Logo-BNG-150x150.jpg\" class=\"attachment-thumbnail size-thumbnail wp-image-22291\" alt=\"BNG logo\" \/>\t\t\t\t\t\t\t\t\t\t\t\t\t\t\t<\/div>\n\t\t\t\t<div class=\"elementor-element elementor-element-ae850c0 elementor-vertical-align-middle elementor-widget elementor-widget-image-box\" data-id=\"ae850c0\" data-element_type=\"widget\" data-e-type=\"widget\" data-widget_type=\"image-box.default\">\n\t\t\t\t\t<div class=\"elementor-image-box-wrapper\"><div class=\"elementor-image-box-content\"><div class=\"elementor-image-box-title\">Jos\u00e9 Manuel Brenlla Casti\u00f1eira<\/div><p class=\"elementor-image-box-description\">Second Deputy Mayor<\/p><\/div><\/div>\t\t\t\t<\/div>\n\t\t\t\t<\/div>\n\t\t<div class=\"elementor-element elementor-element-01d8c00 e-con-full e-flex e-con e-child\" data-id=\"01d8c00\" data-element_type=\"container\" data-e-type=\"container\" data-settings=\"{&quot;jet_parallax_layout_list&quot;:[]}\">\n\t\t\t\t<div class=\"elementor-element elementor-element-bc39c71 elementor-widget elementor-widget-image\" data-id=\"bc39c71\" data-element_type=\"widget\" data-e-type=\"widget\" data-widget_type=\"image.default\">\n\t\t\t\t\t\t\t\t\t\t\t\t\t\t\t<img decoding=\"async\" width=\"150\" height=\"150\" src=\"https:\/\/concellodezas.gal\/wp-content\/uploads\/2025\/09\/Logo-BNG-150x150.jpg\" class=\"attachment-thumbnail size-thumbnail wp-image-22291\" alt=\"BNG logo\" \/>\t\t\t\t\t\t\t\t\t\t\t\t\t\t\t<\/div>\n\t\t\t\t<div class=\"elementor-element elementor-element-2a0cff2 elementor-vertical-align-middle elementor-widget elementor-widget-image-box\" data-id=\"2a0cff2\" data-element_type=\"widget\" data-e-type=\"widget\" data-widget_type=\"image-box.default\">\n\t\t\t\t\t<div class=\"elementor-image-box-wrapper\"><div class=\"elementor-image-box-content\"><div class=\"elementor-image-box-title\">Mar\u00eda Pilar Garc\u00eda Garc\u00eda<\/div><p class=\"elementor-image-box-description\">MUNICIPAL SERVICES, EMPLOYMENT AND EDUCATION<\/p><\/div><\/div>\t\t\t\t<\/div>\n\t\t\t\t<\/div>\n\t\t<div class=\"elementor-element elementor-element-e4a30d7 e-con-full e-flex e-con e-child\" data-id=\"e4a30d7\" data-element_type=\"container\" data-e-type=\"container\" data-settings=\"{&quot;jet_parallax_layout_list&quot;:[]}\">\n\t\t\t\t<div class=\"elementor-element elementor-element-348294f elementor-widget elementor-widget-image\" data-id=\"348294f\" data-element_type=\"widget\" data-e-type=\"widget\" data-widget_type=\"image.default\">\n\t\t\t\t\t\t\t\t\t\t\t\t\t\t\t<img decoding=\"async\" width=\"150\" height=\"150\" src=\"https:\/\/concellodezas.gal\/wp-content\/uploads\/2025\/09\/Logo-BNG-150x150.jpg\" class=\"attachment-thumbnail size-thumbnail wp-image-22291\" alt=\"BNG logo\" \/>\t\t\t\t\t\t\t\t\t\t\t\t\t\t\t<\/div>\n\t\t\t\t<div class=\"elementor-element elementor-element-afdf46f elementor-vertical-align-middle elementor-widget elementor-widget-image-box\" data-id=\"afdf46f\" data-element_type=\"widget\" data-e-type=\"widget\" data-widget_type=\"image-box.default\">\n\t\t\t\t\t<div class=\"elementor-image-box-wrapper\"><div class=\"elementor-image-box-content\"><div class=\"elementor-image-box-title\">Cristina Pardi\u00f1as Lorenzo<\/div><p class=\"elementor-image-box-description\">WOMEN, YOUTH, EQUALITY AND HEALTH<\/p><\/div><\/div>\t\t\t\t<\/div>\n\t\t\t\t<\/div>\n\t\t<div class=\"elementor-element elementor-element-bd6e3ad e-con-full e-flex e-con e-child\" data-id=\"bd6e3ad\" data-element_type=\"container\" data-e-type=\"container\" data-settings=\"{&quot;jet_parallax_layout_list&quot;:[]}\">\n\t\t\t\t<div class=\"elementor-element elementor-element-c864f2a elementor-widget elementor-widget-image\" data-id=\"c864f2a\" data-element_type=\"widget\" data-e-type=\"widget\" data-widget_type=\"image.default\">\n\t\t\t\t\t\t\t\t\t\t\t\t\t\t\t<img decoding=\"async\" width=\"150\" height=\"150\" src=\"https:\/\/concellodezas.gal\/wp-content\/uploads\/2025\/09\/Logo-BNG-150x150.jpg\" class=\"attachment-thumbnail size-thumbnail wp-image-22291\" alt=\"BNG logo\" \/>\t\t\t\t\t\t\t\t\t\t\t\t\t\t\t<\/div>\n\t\t\t\t<div class=\"elementor-element elementor-element-e8da013 elementor-vertical-align-middle elementor-widget elementor-widget-image-box\" data-id=\"e8da013\" data-element_type=\"widget\" data-e-type=\"widget\" data-widget_type=\"image-box.default\">\n\t\t\t\t\t<div class=\"elementor-image-box-wrapper\"><div class=\"elementor-image-box-content\"><div class=\"elementor-image-box-title\">Manuel Garc\u00eda Velo<\/div><p class=\"elementor-image-box-description\">INTERNAL REGIME, PERSONNEL AND MUNICIPAL HERITAGE<\/p><\/div><\/div>\t\t\t\t<\/div>\n\t\t\t\t<\/div>\n\t\t<div class=\"elementor-element elementor-element-06aa389 e-con-full e-flex e-con e-child\" data-id=\"06aa389\" data-element_type=\"container\" data-e-type=\"container\" data-settings=\"{&quot;jet_parallax_layout_list&quot;:[]}\">\n\t\t\t\t<div class=\"elementor-element elementor-element-61cbe98 elementor-widget elementor-widget-image\" data-id=\"61cbe98\" data-element_type=\"widget\" data-e-type=\"widget\" data-widget_type=\"image.default\">\n\t\t\t\t\t\t\t\t\t\t\t\t\t\t\t<img decoding=\"async\" width=\"150\" height=\"150\" src=\"https:\/\/concellodezas.gal\/wp-content\/uploads\/2025\/09\/Logo-BNG-150x150.jpg\" class=\"attachment-thumbnail size-thumbnail wp-image-22291\" alt=\"BNG logo\" \/>\t\t\t\t\t\t\t\t\t\t\t\t\t\t\t<\/div>\n\t\t\t\t<div class=\"elementor-element elementor-element-5491366 elementor-vertical-align-middle elementor-widget elementor-widget-image-box\" data-id=\"5491366\" data-element_type=\"widget\" data-e-type=\"widget\" data-widget_type=\"image-box.default\">\n\t\t\t\t\t<div class=\"elementor-image-box-wrapper\"><div class=\"elementor-image-box-content\"><div class=\"elementor-image-box-title\">Germ\u00e1n P\u00e9rez Freire<\/div><p class=\"elementor-image-box-description\">ENVIRONMENT AND SUSTAINABLE DEVELOPMENT<\/p><\/div><\/div>\t\t\t\t<\/div>\n\t\t\t\t<\/div>\n\t\t<div class=\"elementor-element elementor-element-6492ab2 e-con-full e-flex e-con e-child\" data-id=\"6492ab2\" data-element_type=\"container\" data-e-type=\"container\" data-settings=\"{&quot;jet_parallax_layout_list&quot;:[]}\">\n\t\t\t\t<div class=\"elementor-element elementor-element-814e80c elementor-widget elementor-widget-image\" data-id=\"814e80c\" data-element_type=\"widget\" data-e-type=\"widget\" data-widget_type=\"image.default\">\n\t\t\t\t\t\t\t\t\t\t\t\t\t\t\t<img decoding=\"async\" width=\"150\" height=\"150\" src=\"https:\/\/concellodezas.gal\/wp-content\/uploads\/2025\/09\/Logo-Partido-Popular-150x150.jpg\" class=\"attachment-thumbnail size-thumbnail wp-image-22301\" alt=\"Popular Party logo\" srcset=\"https:\/\/concellodezas.gal\/wp-content\/uploads\/2025\/09\/Logo-Partido-Popular-150x150.jpg 150w, https:\/\/concellodezas.gal\/wp-content\/uploads\/2025\/09\/Logo-Partido-Popular-300x300.jpg 300w, https:\/\/concellodezas.gal\/wp-content\/uploads\/2025\/09\/Logo-Partido-Popular.jpg 500w\" sizes=\"(max-width: 150px) 100vw, 150px\" \/>\t\t\t\t\t\t\t\t\t\t\t\t\t\t\t<\/div>\n\t\t\t\t<div class=\"elementor-element elementor-element-a129ba8 elementor-vertical-align-middle elementor-widget elementor-widget-image-box\" data-id=\"a129ba8\" data-element_type=\"widget\" data-e-type=\"widget\" data-widget_type=\"image-box.default\">\n\t\t\t\t\t<div class=\"elementor-image-box-wrapper\"><div class=\"elementor-image-box-content\"><div class=\"elementor-image-box-title\">Jose David G\u00f3mez Brandariz<\/div><p class=\"elementor-image-box-description\">Councillor of the Partido Popular<\/p><\/div><\/div>\t\t\t\t<\/div>\n\t\t\t\t<\/div>\n\t\t<div class=\"elementor-element elementor-element-8af55ef e-con-full e-flex e-con e-child\" data-id=\"8af55ef\" data-element_type=\"container\" data-e-type=\"container\" data-settings=\"{&quot;jet_parallax_layout_list&quot;:[]}\">\n\t\t\t\t<div class=\"elementor-element elementor-element-5efdd3d elementor-widget elementor-widget-image\" data-id=\"5efdd3d\" data-element_type=\"widget\" data-e-type=\"widget\" data-widget_type=\"image.default\">\n\t\t\t\t\t\t\t\t\t\t\t\t\t\t\t<img decoding=\"async\" width=\"150\" height=\"150\" src=\"https:\/\/concellodezas.gal\/wp-content\/uploads\/2025\/09\/Logo-Partido-Popular-150x150.jpg\" class=\"attachment-thumbnail size-thumbnail wp-image-22301\" alt=\"Popular Party logo\" srcset=\"https:\/\/concellodezas.gal\/wp-content\/uploads\/2025\/09\/Logo-Partido-Popular-150x150.jpg 150w, https:\/\/concellodezas.gal\/wp-content\/uploads\/2025\/09\/Logo-Partido-Popular-300x300.jpg 300w, https:\/\/concellodezas.gal\/wp-content\/uploads\/2025\/09\/Logo-Partido-Popular.jpg 500w\" sizes=\"(max-width: 150px) 100vw, 150px\" \/>\t\t\t\t\t\t\t\t\t\t\t\t\t\t\t<\/div>\n\t\t\t\t<div class=\"elementor-element elementor-element-d49df00 elementor-vertical-align-middle elementor-widget elementor-widget-image-box\" data-id=\"d49df00\" data-element_type=\"widget\" data-e-type=\"widget\" data-widget_type=\"image-box.default\">\n\t\t\t\t\t<div class=\"elementor-image-box-wrapper\"><div class=\"elementor-image-box-content\"><div class=\"elementor-image-box-title\">David Rial Montes<\/div><p class=\"elementor-image-box-description\">Councillor of the Partido Popular<\/p><\/div><\/div>\t\t\t\t<\/div>\n\t\t\t\t<\/div>\n\t\t<div class=\"elementor-element elementor-element-ff934e6 e-con-full e-flex e-con e-child\" data-id=\"ff934e6\" data-element_type=\"container\" data-e-type=\"container\" data-settings=\"{&quot;jet_parallax_layout_list&quot;:[]}\">\n\t\t\t\t<div class=\"elementor-element elementor-element-3935c08 elementor-widget elementor-widget-image\" data-id=\"3935c08\" data-element_type=\"widget\" data-e-type=\"widget\" data-widget_type=\"image.default\">\n\t\t\t\t\t\t\t\t\t\t\t\t\t\t\t<img decoding=\"async\" width=\"150\" height=\"150\" src=\"https:\/\/concellodezas.gal\/wp-content\/uploads\/2025\/09\/Logo-Partido-Popular-150x150.jpg\" class=\"attachment-thumbnail size-thumbnail wp-image-22301\" alt=\"Popular Party logo\" srcset=\"https:\/\/concellodezas.gal\/wp-content\/uploads\/2025\/09\/Logo-Partido-Popular-150x150.jpg 150w, https:\/\/concellodezas.gal\/wp-content\/uploads\/2025\/09\/Logo-Partido-Popular-300x300.jpg 300w, https:\/\/concellodezas.gal\/wp-content\/uploads\/2025\/09\/Logo-Partido-Popular.jpg 500w\" sizes=\"(max-width: 150px) 100vw, 150px\" \/>\t\t\t\t\t\t\t\t\t\t\t\t\t\t\t<\/div>\n\t\t\t\t<div class=\"elementor-element elementor-element-d17d7a2 elementor-vertical-align-middle elementor-widget elementor-widget-image-box\" data-id=\"d17d7a2\" data-element_type=\"widget\" data-e-type=\"widget\" data-widget_type=\"image-box.default\">\n\t\t\t\t\t<div class=\"elementor-image-box-wrapper\"><div class=\"elementor-image-box-content\"><div class=\"elementor-image-box-title\">Jos\u00e9 Mart\u00edn Cundins Su\u00e1rez<\/div><p class=\"elementor-image-box-description\">Councillor of the Partido Popular<\/p><\/div><\/div>\t\t\t\t<\/div>\n\t\t\t\t<\/div>\n\t\t<div class=\"elementor-element elementor-element-12efaf3 e-con-full e-flex e-con e-child\" data-id=\"12efaf3\" data-element_type=\"container\" data-e-type=\"container\" data-settings=\"{&quot;jet_parallax_layout_list&quot;:[]}\">\n\t\t\t\t<div class=\"elementor-element elementor-element-6cc5184 elementor-widget elementor-widget-image\" data-id=\"6cc5184\" data-element_type=\"widget\" data-e-type=\"widget\" data-widget_type=\"image.default\">\n\t\t\t\t\t\t\t\t\t\t\t\t\t\t\t<img decoding=\"async\" width=\"150\" height=\"150\" src=\"https:\/\/concellodezas.gal\/wp-content\/uploads\/2025\/09\/Logo-PSdeG-PSOE-150x150.jpg\" class=\"attachment-thumbnail size-thumbnail wp-image-22310\" alt=\"PSOE PSOE logo\" srcset=\"https:\/\/concellodezas.gal\/wp-content\/uploads\/2025\/09\/Logo-PSdeG-PSOE-150x150.jpg 150w, https:\/\/concellodezas.gal\/wp-content\/uploads\/2025\/09\/Logo-PSdeG-PSOE-300x300.jpg 300w, https:\/\/concellodezas.gal\/wp-content\/uploads\/2025\/09\/Logo-PSdeG-PSOE.jpg 500w\" sizes=\"(max-width: 150px) 100vw, 150px\" \/>\t\t\t\t\t\t\t\t\t\t\t\t\t\t\t<\/div>\n\t\t\t\t<div class=\"elementor-element elementor-element-c6c5eb7 elementor-vertical-align-middle elementor-widget elementor-widget-image-box\" data-id=\"c6c5eb7\" data-element_type=\"widget\" data-e-type=\"widget\" data-widget_type=\"image-box.default\">\n\t\t\t\t\t<div class=\"elementor-image-box-wrapper\"><div class=\"elementor-image-box-content\"><div class=\"elementor-image-box-title\">Sheila Rial Mata<\/div><p class=\"elementor-image-box-description\">Councillor of the PSdeG-PSOE<\/p><\/div><\/div>\t\t\t\t<\/div>\n\t\t\t\t<\/div>\n\t\t\t\t<\/div>\n\t\t<div class=\"elementor-element elementor-element-aa519c5 e-con-full e-flex e-con e-child\" data-id=\"aa519c5\" data-element_type=\"container\" data-e-type=\"container\" data-settings=\"{&quot;jet_parallax_layout_list&quot;:[]}\">\n\t\t\t\t<div class=\"elementor-element elementor-element-95fe1e1 elementor-widget elementor-widget-heading\" data-id=\"95fe1e1\" data-element_type=\"widget\" data-e-type=\"widget\" data-widget_type=\"heading.default\">\n\t\t\t\t\t<h2 class=\"elementor-heading-title elementor-size-default\">Contact Your Town Council<\/h2>\t\t\t\t<\/div>\n\t\t\t\t<div class=\"elementor-element elementor-element-88671a1 elementor-widget elementor-widget-text-editor\" data-id=\"88671a1\" data-element_type=\"widget\" data-e-type=\"widget\" data-widget_type=\"text-editor.default\">\n\t\t\t\t\t\t\t\t\t<p>If you need to contact the local administration, click on the following button to go to the contact section.<\/p>\t\t\t\t\t\t\t\t<\/div>\n\t\t\t\t<div class=\"elementor-element elementor-element-4f2e12a elementor-widget elementor-widget-button\" data-id=\"4f2e12a\" data-element_type=\"widget\" data-e-type=\"widget\" data-widget_type=\"button.default\">\n\t\t\t\t\t\t\t\t\t\t<a class=\"elementor-button elementor-button-link elementor-size-sm\" href=\"https:\/\/concellodezas.gal\/en\/contact\/\">\n\t\t\t\t\t\t<span class=\"elementor-button-content-wrapper\">\n\t\t\t\t\t\t\t\t\t<span class=\"elementor-button-text\">Contact the Town Council<\/span>\n\t\t\t\t\t<\/span>\n\t\t\t\t\t<\/a>\n\t\t\t\t\t\t\t\t<\/div>\n\t\t\t\t<\/div>\n\t\t\t\t\t<\/div>\n\t\t\t\t<\/div>\n\t\t\t\t<\/div>\n\t\t","protected":false},"excerpt":{"rendered":"<p>The Municipal Corporation of Zas Consulta aqu\u00ed a corporaci\u00f3n municipal ao completo do Concello de Zas, formado por todas as concelleiras e concelleiros elixidos democraticamente pola cidadan\u00eda. Manuel Mu\u00ed\u00f1o Espasand\u00edn Mayor Natalia Espasand\u00edn Pazos First Deputy Mayor &#8211; SOCIAL SERVICES Jos\u00e9 Manuel Brenlla Casti\u00f1eira Second Deputy Mayor Mar\u00eda Pilar Garc\u00eda Garc\u00eda MUNICIPAL SERVICES, EMPLOYMENT AND [&hellip;]<\/p>\n","protected":false},"author":3,"featured_media":22316,"parent":0,"menu_order":0,"comment_status":"closed","ping_status":"closed","template":"","meta":{"slim_seo":{"title":"Corporation - Concello de Zas","description":"The Municipal Corporation of Zas Consulta aqu\u00ed a corporaci\u00f3n municipal ao completo do Concello de Zas, formado por todas as concelleiras e concelleiros elixidos"},"footnotes":""},"class_list":["post-28059","page","type-page","status-publish","has-post-thumbnail","hentry"],"_links":{"self":[{"href":"https:\/\/concellodezas.gal\/en\/wp-json\/wp\/v2\/pages\/28059","targetHints":{"allow":["GET"]}}],"collection":[{"href":"https:\/\/concellodezas.gal\/en\/wp-json\/wp\/v2\/pages"}],"about":[{"href":"https:\/\/concellodezas.gal\/en\/wp-json\/wp\/v2\/types\/page"}],"author":[{"embeddable":true,"href":"https:\/\/concellodezas.gal\/en\/wp-json\/wp\/v2\/users\/3"}],"replies":[{"embeddable":true,"href":"https:\/\/concellodezas.gal\/en\/wp-json\/wp\/v2\/comments?post=28059"}],"version-history":[{"count":2,"href":"https:\/\/concellodezas.gal\/en\/wp-json\/wp\/v2\/pages\/28059\/revisions"}],"predecessor-version":[{"id":30189,"href":"https:\/\/concellodezas.gal\/en\/wp-json\/wp\/v2\/pages\/28059\/revisions\/30189"}],"wp:featuredmedia":[{"embeddable":true,"href":"https:\/\/concellodezas.gal\/en\/wp-json\/wp\/v2\/media\/22316"}],"wp:attachment":[{"href":"https:\/\/concellodezas.gal\/en\/wp-json\/wp\/v2\/media?parent=28059"}],"curies":[{"name":"wp","href":"https:\/\/api.w.org\/{rel}","templated":true}]}}